{"id":4,"date":"2016-02-12T07:54:41","date_gmt":"2016-02-12T07:54:41","guid":{"rendered":"http:\/\/demos.famethemes.com\/onepress\/?page_id=4"},"modified":"2022-05-11T21:49:50","modified_gmt":"2022-05-11T21:49:50","slug":"home","status":"publish","type":"page","link":"https:\/\/backonfeet.algomedica.tech\/","title":{"rendered":"Home"},"content":{"rendered":"","protected":false},"excerpt":{"rendered":"","protected":false},"author":2,"featured_media":0,"parent":0,"menu_order":0,"comment_status":"closed","ping_status":"closed","template":"template-frontpage.php","meta":{"_editorskit_title_hidden":false,"_editorskit_reading_time":0,"_editorskit_is_block_options_detached":false,"_editorskit_block_options_position":"{}","footnotes":""},"class_list":["post-4","page","type-page","status-publish","hentry"],"yoast_head":"<!-- This site is optimized with the Yoast SEO plugin v27.4 - https:\/\/yoast.com\/product\/yoast-seo-wordpress\/ -->\n<title>Back On Feet<\/title>\n<meta name=\"description\" content=\"Back on Feet - strona i aplikacja po\u015bwi\u0119cone leczenia bez b\u00f3lu.\" \/>\n<meta name=\"robots\" content=\"index, follow, max-snippet:-1, max-image-preview:large, max-video-preview:-1\" \/>\n<link rel=\"canonical\" href=\"https:\/\/backonfeet.algomedica.tech\/\" \/>\n<meta property=\"og:locale\" content=\"pl_PL\" \/>\n<meta property=\"og:type\" content=\"article\" \/>\n<meta property=\"og:title\" content=\"Back On Feet\" \/>\n<meta property=\"og:description\" content=\"Back on Feet - strona i aplikacja po\u015bwi\u0119cone leczenia bez b\u00f3lu.\" \/>\n<meta property=\"og:url\" content=\"https:\/\/backonfeet.algomedica.tech\/\" \/>\n<meta property=\"og:site_name\" content=\"Back On Feet\" \/>\n<meta property=\"article:modified_time\" content=\"2022-05-11T21:49:50+00:00\" \/>\n<meta name=\"twitter:card\" content=\"summary_large_image\" \/>\n<script type=\"application\/ld+json\" class=\"yoast-schema-graph\">{\"@context\":\"https:\\\/\\\/schema.org\",\"@graph\":[{\"@type\":\"WebPage\",\"@id\":\"https:\\\/\\\/backonfeet.algomedica.tech\\\/\",\"url\":\"https:\\\/\\\/backonfeet.algomedica.tech\\\/\",\"name\":\"Back On Feet\",\"isPartOf\":{\"@id\":\"https:\\\/\\\/backonfeet.algomedica.tech\\\/#website\"},\"datePublished\":\"2016-02-12T07:54:41+00:00\",\"dateModified\":\"2022-05-11T21:49:50+00:00\",\"description\":\"Back on Feet - strona i aplikacja po\u015bwi\u0119cone leczenia bez b\u00f3lu.\",\"breadcrumb\":{\"@id\":\"https:\\\/\\\/backonfeet.algomedica.tech\\\/#breadcrumb\"},\"inLanguage\":\"pl-PL\",\"potentialAction\":[{\"@type\":\"ReadAction\",\"target\":[\"https:\\\/\\\/backonfeet.algomedica.tech\\\/\"]}]},{\"@type\":\"BreadcrumbList\",\"@id\":\"https:\\\/\\\/backonfeet.algomedica.tech\\\/#breadcrumb\",\"itemListElement\":[{\"@type\":\"ListItem\",\"position\":1,\"name\":\"Strona g\u0142\u00f3wna\",\"item\":\"https:\\\/\\\/backonfeet.algomedica.tech\\\/\"},{\"@type\":\"ListItem\",\"position\":2,\"name\":\"Home\"}]},{\"@type\":\"WebSite\",\"@id\":\"https:\\\/\\\/backonfeet.algomedica.tech\\\/#website\",\"url\":\"https:\\\/\\\/backonfeet.algomedica.tech\\\/\",\"name\":\"Back On Feet\",\"description\":\"Operacje bez b\u00f3lu\",\"publisher\":{\"@id\":\"https:\\\/\\\/backonfeet.algomedica.tech\\\/#organization\"},\"potentialAction\":[{\"@type\":\"SearchAction\",\"target\":{\"@type\":\"EntryPoint\",\"urlTemplate\":\"https:\\\/\\\/backonfeet.algomedica.tech\\\/?s={search_term_string}\"},\"query-input\":{\"@type\":\"PropertyValueSpecification\",\"valueRequired\":true,\"valueName\":\"search_term_string\"}}],\"inLanguage\":\"pl-PL\"},{\"@type\":\"Organization\",\"@id\":\"https:\\\/\\\/backonfeet.algomedica.tech\\\/#organization\",\"name\":\"Back On Feet\",\"url\":\"https:\\\/\\\/backonfeet.algomedica.tech\\\/\",\"logo\":{\"@type\":\"ImageObject\",\"inLanguage\":\"pl-PL\",\"@id\":\"https:\\\/\\\/backonfeet.algomedica.tech\\\/#\\\/schema\\\/logo\\\/image\\\/\",\"url\":\"https:\\\/\\\/backonfeet.pl\\\/wp-content\\\/uploads\\\/2022\\\/05\\\/cropped-ikona_BackonFeet.png\",\"contentUrl\":\"https:\\\/\\\/backonfeet.pl\\\/wp-content\\\/uploads\\\/2022\\\/05\\\/cropped-ikona_BackonFeet.png\",\"width\":512,\"height\":512,\"caption\":\"Back On Feet\"},\"image\":{\"@id\":\"https:\\\/\\\/backonfeet.algomedica.tech\\\/#\\\/schema\\\/logo\\\/image\\\/\"}}]}<\/script>\n<!-- \/ Yoast SEO plugin. -->","yoast_head_json":{"title":"Back On Feet","description":"Back on Feet - strona i aplikacja po\u015bwi\u0119cone leczenia bez b\u00f3lu.","robots":{"index":"index","follow":"follow","max-snippet":"max-snippet:-1","max-image-preview":"max-image-preview:large","max-video-preview":"max-video-preview:-1"},"canonical":"https:\/\/backonfeet.algomedica.tech\/","og_locale":"pl_PL","og_type":"article","og_title":"Back On Feet","og_description":"Back on Feet - strona i aplikacja po\u015bwi\u0119cone leczenia bez b\u00f3lu.","og_url":"https:\/\/backonfeet.algomedica.tech\/","og_site_name":"Back On Feet","article_modified_time":"2022-05-11T21:49:50+00:00","twitter_card":"summary_large_image","schema":{"@context":"https:\/\/schema.org","@graph":[{"@type":"WebPage","@id":"https:\/\/backonfeet.algomedica.tech\/","url":"https:\/\/backonfeet.algomedica.tech\/","name":"Back On Feet","isPartOf":{"@id":"https:\/\/backonfeet.algomedica.tech\/#website"},"datePublished":"2016-02-12T07:54:41+00:00","dateModified":"2022-05-11T21:49:50+00:00","description":"Back on Feet - strona i aplikacja po\u015bwi\u0119cone leczenia bez b\u00f3lu.","breadcrumb":{"@id":"https:\/\/backonfeet.algomedica.tech\/#breadcrumb"},"inLanguage":"pl-PL","potentialAction":[{"@type":"ReadAction","target":["https:\/\/backonfeet.algomedica.tech\/"]}]},{"@type":"BreadcrumbList","@id":"https:\/\/backonfeet.algomedica.tech\/#breadcrumb","itemListElement":[{"@type":"ListItem","position":1,"name":"Strona g\u0142\u00f3wna","item":"https:\/\/backonfeet.algomedica.tech\/"},{"@type":"ListItem","position":2,"name":"Home"}]},{"@type":"WebSite","@id":"https:\/\/backonfeet.algomedica.tech\/#website","url":"https:\/\/backonfeet.algomedica.tech\/","name":"Back On Feet","description":"Operacje bez b\u00f3lu","publisher":{"@id":"https:\/\/backonfeet.algomedica.tech\/#organization"},"potentialAction":[{"@type":"SearchAction","target":{"@type":"EntryPoint","urlTemplate":"https:\/\/backonfeet.algomedica.tech\/?s={search_term_string}"},"query-input":{"@type":"PropertyValueSpecification","valueRequired":true,"valueName":"search_term_string"}}],"inLanguage":"pl-PL"},{"@type":"Organization","@id":"https:\/\/backonfeet.algomedica.tech\/#organization","name":"Back On Feet","url":"https:\/\/backonfeet.algomedica.tech\/","logo":{"@type":"ImageObject","inLanguage":"pl-PL","@id":"https:\/\/backonfeet.algomedica.tech\/#\/schema\/logo\/image\/","url":"https:\/\/backonfeet.pl\/wp-content\/uploads\/2022\/05\/cropped-ikona_BackonFeet.png","contentUrl":"https:\/\/backonfeet.pl\/wp-content\/uploads\/2022\/05\/cropped-ikona_BackonFeet.png","width":512,"height":512,"caption":"Back On Feet"},"image":{"@id":"https:\/\/backonfeet.algomedica.tech\/#\/schema\/logo\/image\/"}}]}},"_links":{"self":[{"href":"https:\/\/backonfeet.algomedica.tech\/index.php\/wp-json\/wp\/v2\/pages\/4","targetHints":{"allow":["GET"]}}],"collection":[{"href":"https:\/\/backonfeet.algomedica.tech\/index.php\/wp-json\/wp\/v2\/pages"}],"about":[{"href":"https:\/\/backonfeet.algomedica.tech\/index.php\/wp-json\/wp\/v2\/types\/page"}],"author":[{"embeddable":true,"href":"https:\/\/backonfeet.algomedica.tech\/index.php\/wp-json\/wp\/v2\/users\/2"}],"replies":[{"embeddable":true,"href":"https:\/\/backonfeet.algomedica.tech\/index.php\/wp-json\/wp\/v2\/comments?post=4"}],"version-history":[{"count":1,"href":"https:\/\/backonfeet.algomedica.tech\/index.php\/wp-json\/wp\/v2\/pages\/4\/revisions"}],"predecessor-version":[{"id":1492,"href":"https:\/\/backonfeet.algomedica.tech\/index.php\/wp-json\/wp\/v2\/pages\/4\/revisions\/1492"}],"wp:attachment":[{"href":"https:\/\/backonfeet.algomedica.tech\/index.php\/wp-json\/wp\/v2\/media?parent=4"}],"curies":[{"name":"wp","href":"https:\/\/api.w.org\/{rel}","templated":true}]}}